{"id":12,"date":"2025-10-20T13:08:02","date_gmt":"2025-10-20T16:08:02","guid":{"rendered":"http:\/\/spironellioil.com.br\/?page_id=12"},"modified":"2025-11-20T15:34:21","modified_gmt":"2025-11-20T18:34:21","slug":"spironelli-oil","status":"publish","type":"page","link":"https:\/\/spironellioil.com.br\/","title":{"rendered":"Spironelli Oil"},"content":{"rendered":"\t\t<div data-elementor-type=\"wp-page\" data-elementor-id=\"12\" class=\"elementor elementor-12\">\n\t\t\t\t\t\t<section class=\"elementor-section elementor-top-section elementor-element elementor-element-bccc6c8 elementor-section-full_width elementor-section-stretched elementor-section-height-default elementor-section-height-default\" data-id=\"bccc6c8\" data-element_type=\"section\" data-settings=\"{&quot;stretch_section&quot;:&quot;section-stretched&quot;}\">\n\t\t\t\t\t\t<div class=\"elementor-container elementor-column-gap-no\">\n\t\t\t\t\t<div class=\"elementor-column elementor-col-100 elementor-top-column elementor-element elementor-element-a971add\" data-id=\"a971add\" data-element_type=\"column\">\n\t\t\t<div class=\"elementor-widget-wrap elementor-element-populated\">\n\t\t\t\t\t\t<div class=\"elementor-element elementor-element-81e8dd2 elementor-widget elementor-widget-image\" data-id=\"81e8dd2\" data-element_type=\"widget\" data-widget_type=\"image.default\">\n\t\t\t\t<div class=\"elementor-widget-container\">\n\t\t\t\t\t\t\t\t\t\t\t\t\t\t\t<img fetchpriority=\"high\" decoding=\"async\" width=\"2000\" height=\"1125\" src=\"http:\/\/spironellioil.com.br\/wp-content\/uploads\/2025\/11\/Fabrica-aerea-2.jpg\" class=\"attachment-full size-full wp-image-18\" alt=\"\" srcset=\"http:\/\/spironellioil.com.br\/wp-content\/uploads\/2025\/11\/Fabrica-aerea-2.jpg 2000w, http:\/\/spironellioil.com.br\/wp-content\/uploads\/2025\/11\/Fabrica-aerea-2-300x169.jpg 300w, http:\/\/spironellioil.com.br\/wp-content\/uploads\/2025\/11\/Fabrica-aerea-2-1024x576.jpg 1024w, http:\/\/spironellioil.com.br\/wp-content\/uploads\/2025\/11\/Fabrica-aerea-2-768x432.jpg 768w, http:\/\/spironellioil.com.br\/wp-content\/uploads\/2025\/11\/Fabrica-aerea-2-1536x864.jpg 1536w\" sizes=\"(max-width: 2000px) 100vw, 2000px\" \/>\t\t\t\t\t\t\t\t\t\t\t\t\t\t\t<\/div>\n\t\t\t\t<\/div>\n\t\t\t\t\t<\/div>\n\t\t<\/div>\n\t\t\t\t\t<\/div>\n\t\t<\/section>\n\t\t\t\t<section class=\"elementor-section elementor-top-section elementor-element elementor-element-354e5e6 elementor-section-boxed elementor-section-height-default elementor-section-height-default\" data-id=\"354e5e6\" data-element_type=\"section\">\n\t\t\t\t\t\t<div class=\"elementor-container elementor-column-gap-default\">\n\t\t\t\t\t<div class=\"elementor-column elementor-col-50 elementor-top-column elementor-element elementor-element-d5dad0c\" data-id=\"d5dad0c\" data-element_type=\"column\">\n\t\t\t<div class=\"elementor-widget-wrap elementor-element-populated\">\n\t\t\t\t\t\t<div class=\"elementor-element elementor-element-a46732c elementor-widget elementor-widget-image\" data-id=\"a46732c\" data-element_type=\"widget\" data-widget_type=\"image.default\">\n\t\t\t\t<div class=\"elementor-widget-container\">\n\t\t\t\t\t\t\t\t\t\t\t\t\t\t\t<img decoding=\"async\" width=\"1024\" height=\"306\" src=\"http:\/\/spironellioil.com.br\/wp-content\/uploads\/2025\/11\/Spironelli_oleoquimica_AZUL-1024x306.png\" class=\"attachment-large size-large wp-image-24\" alt=\"\" srcset=\"http:\/\/spironellioil.com.br\/wp-content\/uploads\/2025\/11\/Spironelli_oleoquimica_AZUL-1024x306.png 1024w, http:\/\/spironellioil.com.br\/wp-content\/uploads\/2025\/11\/Spironelli_oleoquimica_AZUL-300x90.png 300w, http:\/\/spironellioil.com.br\/wp-content\/uploads\/2025\/11\/Spironelli_oleoquimica_AZUL-768x229.png 768w, http:\/\/spironellioil.com.br\/wp-content\/uploads\/2025\/11\/Spironelli_oleoquimica_AZUL-1536x459.png 1536w, http:\/\/spironellioil.com.br\/wp-content\/uploads\/2025\/11\/Spironelli_oleoquimica_AZUL-2048x612.png 2048w\" sizes=\"(max-width: 1024px) 100vw, 1024px\" \/>\t\t\t\t\t\t\t\t\t\t\t\t\t\t\t<\/div>\n\t\t\t\t<\/div>\n\t\t\t\t<div class=\"elementor-element elementor-element-9fd9d9c elementor-widget elementor-widget-text-editor\" data-id=\"9fd9d9c\" data-element_type=\"widget\" data-widget_type=\"text-editor.default\">\n\t\t\t\t<div class=\"elementor-widget-container\">\n\t\t\t\t\t\t\t\t\t<p>A Spironelli apresenta seu novo ramo de atua\u00e7\u00e3o: a ind\u00fastria oleoqu\u00edmica.<br \/><br \/>Essa empresa, que h\u00e1 mais de 75 anos trabalha seriamente com a reciclagem animal, tendo como focos principais a qualidade de seus produtos, a responsabilidade ambiental e sua boa reputa\u00e7\u00e3o no mercado de graxarias, expande sua atua\u00e7\u00e3o.<\/p><p>Conta agora com uma nova ind\u00fastria em Ibipor\u00e3. Modernas e amplas instala\u00e7\u00f5es come\u00e7am a operar com muita tecnologia e responsabilidade ambiental.\u00a0A oleoqu\u00edmica \u00e9 definida como o segmento da tecnologia industrial que abrange produtos e processos que utilizam mat\u00e9rias graxas, como \u00f3leos vegetais, graxas animais, ceras etc.<\/p><p>No aspecto industrial, os estudos em oleoqu\u00edmica fazem parte de uma proposta de sustentabilidade que busca produtos que venham substituir os derivados de petr\u00f3leo na produ\u00e7\u00e3o de lubrificantes, materiais polim\u00e9ricos, resinas, ceras, entre outros.<\/p>\t\t\t\t\t\t\t\t<\/div>\n\t\t\t\t<\/div>\n\t\t\t\t\t<\/div>\n\t\t<\/div>\n\t\t\t\t<div class=\"elementor-column elementor-col-50 elementor-top-column elementor-element elementor-element-7b65027\" data-id=\"7b65027\" data-element_type=\"column\">\n\t\t\t<div class=\"elementor-widget-wrap elementor-element-populated\">\n\t\t\t\t\t\t<div class=\"elementor-element elementor-element-726bef2 elementor-widget elementor-widget-image\" data-id=\"726bef2\" data-element_type=\"widget\" data-widget_type=\"image.default\">\n\t\t\t\t<div class=\"elementor-widget-container\">\n\t\t\t\t\t\t\t\t\t\t\t\t\t\t\t<img decoding=\"async\" width=\"500\" height=\"604\" src=\"http:\/\/spironellioil.com.br\/wp-content\/uploads\/2025\/11\/spironelli1.jpg\" class=\"attachment-large size-large wp-image-19\" alt=\"\" srcset=\"http:\/\/spironellioil.com.br\/wp-content\/uploads\/2025\/11\/spironelli1.jpg 500w, http:\/\/spironellioil.com.br\/wp-content\/uploads\/2025\/11\/spironelli1-248x300.jpg 248w\" sizes=\"(max-width: 500px) 100vw, 500px\" \/>\t\t\t\t\t\t\t\t\t\t\t\t\t\t\t<\/div>\n\t\t\t\t<\/div>\n\t\t\t\t\t<\/div>\n\t\t<\/div>\n\t\t\t\t\t<\/div>\n\t\t<\/section>\n\t\t\t\t<section class=\"elementor-section elementor-top-section elementor-element elementor-element-dcc7e75 elementor-section-full_width elementor-section-height-min-height elementor-section-stretched elementor-section-height-default elementor-section-items-middle\" data-id=\"dcc7e75\" data-element_type=\"section\" data-settings=\"{&quot;stretch_section&quot;:&quot;section-stretched&quot;,&quot;background_background&quot;:&quot;classic&quot;}\">\n\t\t\t\t\t\t<div class=\"elementor-container elementor-column-gap-default\">\n\t\t\t\t\t<div class=\"elementor-column elementor-col-100 elementor-top-column elementor-element elementor-element-37b6b3d\" data-id=\"37b6b3d\" data-element_type=\"column\">\n\t\t\t<div class=\"elementor-widget-wrap\">\n\t\t\t\t\t\t\t<\/div>\n\t\t<\/div>\n\t\t\t\t\t<\/div>\n\t\t<\/section>\n\t\t<div class=\"elementor-element elementor-element-67d5001 e-flex e-con-boxed e-con e-parent\" data-id=\"67d5001\" data-element_type=\"container\">\n\t\t\t\t\t<div class=\"e-con-inner\">\n\t\t<div class=\"elementor-element elementor-element-fb7c673 e-con-full e-flex e-con e-child\" data-id=\"fb7c673\" data-element_type=\"container\">\n\t\t\t\t<div class=\"elementor-element elementor-element-a4a4016 elementor-widget elementor-widget-heading\" data-id=\"a4a4016\" data-element_type=\"widget\" data-widget_type=\"heading.default\">\n\t\t\t\t<div class=\"elementor-widget-container\">\n\t\t\t\t\t<h3 class=\"elementor-heading-title elementor-size-default\">\u00c1cidos Graxos<\/h3>\t\t\t\t<\/div>\n\t\t\t\t<\/div>\n\t\t\t\t<div class=\"elementor-element elementor-element-aac0789 elementor-widget elementor-widget-text-editor\" data-id=\"aac0789\" data-element_type=\"widget\" data-widget_type=\"text-editor.default\">\n\t\t\t\t<div class=\"elementor-widget-container\">\n\t\t\t\t\t\t\t\t\t<p><span style=\"background-color: var(--nv-site-bg); color: var(--nv-text-color); font-family: var(--bodyfontfamily),var(--nv-fallback-ff); font-size: var(--bodyfontsize); font-weight: var(--bodyfontweight); letter-spacing: var(--bodyletterspacing); text-transform: var(--bodytexttransform);\">A busca por novos recursos \u00e9 motivada pela queda da produ\u00e7\u00e3o de petr\u00f3leo e tamb\u00e9m pela conscientiza\u00e7\u00e3o ambiental, pois os produtos gerados em sua queima s\u00e3o altamente poluentes e destroem o meio ambiente.<\/span><\/p><p>No processo produtivo, a oleoqu\u00edmica abrange as opera\u00e7\u00f5es de destila\u00e7\u00e3o\/fracionamento, esterifica\u00e7\u00e3o, transesterifica\u00e7\u00e3o (processo produtivo de biodiesel), extra\u00e7\u00e3o\/destila\u00e7\u00e3o da glicerina e hidrogena\u00e7\u00e3o.<br \/><br \/>Atualmente, com a oleoqu\u00edmica, os derivados dos \u00e1cidos graxos e alco\u00f3is graxos passam a substituir as mat\u00e9rias-primas sint\u00e9ticas que compunham a formula\u00e7\u00e3o de produtos de higiene pessoal e cosm\u00e9ticos.<br \/><br \/>Tamb\u00e9m apresentam ampla aplica\u00e7\u00e3o na \u00e1rea de lubrificantes, aditivos para pl\u00e1sticos e borrachas e na fabrica\u00e7\u00e3o de resinas alqu\u00eddicas para tintas.<\/p>\t\t\t\t\t\t\t\t<\/div>\n\t\t\t\t<\/div>\n\t\t\t\t<\/div>\n\t\t<div class=\"elementor-element elementor-element-c9161aa e-con-full e-flex e-con e-child\" data-id=\"c9161aa\" data-element_type=\"container\">\n\t\t\t\t<div class=\"elementor-element elementor-element-4e76cf2 elementor-widget elementor-widget-image\" data-id=\"4e76cf2\" data-element_type=\"widget\" data-widget_type=\"image.default\">\n\t\t\t\t<div class=\"elementor-widget-container\">\n\t\t\t\t\t\t\t\t\t\t\t\t\t\t\t<img loading=\"lazy\" decoding=\"async\" width=\"616\" height=\"780\" src=\"http:\/\/spironellioil.com.br\/wp-content\/uploads\/2025\/11\/2024-02-21-09_11_17-SPIRONELLI-OLEOQUIMICA-Google-Drive.jpg\" class=\"attachment-large size-large wp-image-21\" alt=\"\" srcset=\"http:\/\/spironellioil.com.br\/wp-content\/uploads\/2025\/11\/2024-02-21-09_11_17-SPIRONELLI-OLEOQUIMICA-Google-Drive.jpg 616w, http:\/\/spironellioil.com.br\/wp-content\/uploads\/2025\/11\/2024-02-21-09_11_17-SPIRONELLI-OLEOQUIMICA-Google-Drive-237x300.jpg 237w\" sizes=\"(max-width: 616px) 100vw, 616px\" \/>\t\t\t\t\t\t\t\t\t\t\t\t\t\t\t<\/div>\n\t\t\t\t<\/div>\n\t\t\t\t<\/div>\n\t\t\t\t\t<\/div>\n\t\t\t\t<\/div>\n\t\t\t\t<section class=\"elementor-section elementor-top-section elementor-element elementor-element-a0b1d0f elementor-section-full_width elementor-section-stretched elementor-section-height-min-height elementor-section-items-bottom elementor-section-content-middle elementor-hidden-desktop elementor-hidden-tablet elementor-section-height-default\" data-id=\"a0b1d0f\" data-element_type=\"section\" data-settings=\"{&quot;stretch_section&quot;:&quot;section-stretched&quot;,&quot;background_background&quot;:&quot;classic&quot;}\">\n\t\t\t\t\t\t<div class=\"elementor-container elementor-column-gap-no\">\n\t\t\t\t\t<div class=\"elementor-column elementor-col-100 elementor-top-column elementor-element elementor-element-f83dab7\" data-id=\"f83dab7\" data-element_type=\"column\">\n\t\t\t<div class=\"elementor-widget-wrap elementor-element-populated\">\n\t\t\t\t\t\t<div class=\"elementor-element elementor-element-116b3a9 elementor-widget elementor-widget-image\" data-id=\"116b3a9\" data-element_type=\"widget\" data-widget_type=\"image.default\">\n\t\t\t\t<div class=\"elementor-widget-container\">\n\t\t\t\t\t\t\t\t\t\t\t\t\t\t\t<img decoding=\"async\" width=\"1024\" height=\"306\" src=\"http:\/\/spironellioil.com.br\/wp-content\/uploads\/2025\/11\/Spironelli_oleoquimica_AZUL-1024x306.png\" class=\"attachment-large size-large wp-image-24\" alt=\"\" srcset=\"http:\/\/spironellioil.com.br\/wp-content\/uploads\/2025\/11\/Spironelli_oleoquimica_AZUL-1024x306.png 1024w, http:\/\/spironellioil.com.br\/wp-content\/uploads\/2025\/11\/Spironelli_oleoquimica_AZUL-300x90.png 300w, http:\/\/spironellioil.com.br\/wp-content\/uploads\/2025\/11\/Spironelli_oleoquimica_AZUL-768x229.png 768w, http:\/\/spironellioil.com.br\/wp-content\/uploads\/2025\/11\/Spironelli_oleoquimica_AZUL-1536x459.png 1536w, http:\/\/spironellioil.com.br\/wp-content\/uploads\/2025\/11\/Spironelli_oleoquimica_AZUL-2048x612.png 2048w\" sizes=\"(max-width: 1024px) 100vw, 1024px\" \/>\t\t\t\t\t\t\t\t\t\t\t\t\t\t\t<\/div>\n\t\t\t\t<\/div>\n\t\t\t\t<div class=\"elementor-element elementor-element-51a74f7 elementor-widget elementor-widget-text-editor\" data-id=\"51a74f7\" data-element_type=\"widget\" data-widget_type=\"text-editor.default\">\n\t\t\t\t<div class=\"elementor-widget-container\">\n\t\t\t\t\t\t\t\t\t<p style=\"text-align: left;\">R S\u00c3O CRISTOV\u00c3O,29 &#8211; CENTRO (JOHN KENNEDY)<br \/>IBIPOR\u00c3-PR &#8211; CEP &#8211; 86.209-012<\/p>\t\t\t\t\t\t\t\t<\/div>\n\t\t\t\t<\/div>\n\t\t\t\t\t<\/div>\n\t\t<\/div>\n\t\t\t\t\t<\/div>\n\t\t<\/section>\n\t\t\t\t<section class=\"elementor-section elementor-top-section elementor-element elementor-element-4229be6 elementor-section-full_width elementor-section-stretched elementor-section-height-min-height elementor-section-items-bottom elementor-section-content-middle elementor-hidden-phone elementor-section-height-default\" data-id=\"4229be6\" data-element_type=\"section\" data-settings=\"{&quot;stretch_section&quot;:&quot;section-stretched&quot;,&quot;background_background&quot;:&quot;classic&quot;}\">\n\t\t\t\t\t\t<div class=\"elementor-container elementor-column-gap-no\">\n\t\t\t\t\t<div class=\"elementor-column elementor-col-100 elementor-top-column elementor-element elementor-element-4ca81fc\" data-id=\"4ca81fc\" data-element_type=\"column\">\n\t\t\t<div class=\"elementor-widget-wrap elementor-element-populated\">\n\t\t\t\t\t\t<div class=\"elementor-element elementor-element-1846642 elementor-widget elementor-widget-image\" data-id=\"1846642\" data-element_type=\"widget\" data-widget_type=\"image.default\">\n\t\t\t\t<div class=\"elementor-widget-container\">\n\t\t\t\t\t\t\t\t\t\t\t\t\t\t\t<img decoding=\"async\" width=\"1024\" height=\"306\" src=\"http:\/\/spironellioil.com.br\/wp-content\/uploads\/2025\/11\/Spironelli_oleoquimica_AZUL-1024x306.png\" class=\"attachment-large size-large wp-image-24\" alt=\"\" srcset=\"http:\/\/spironellioil.com.br\/wp-content\/uploads\/2025\/11\/Spironelli_oleoquimica_AZUL-1024x306.png 1024w, http:\/\/spironellioil.com.br\/wp-content\/uploads\/2025\/11\/Spironelli_oleoquimica_AZUL-300x90.png 300w, http:\/\/spironellioil.com.br\/wp-content\/uploads\/2025\/11\/Spironelli_oleoquimica_AZUL-768x229.png 768w, http:\/\/spironellioil.com.br\/wp-content\/uploads\/2025\/11\/Spironelli_oleoquimica_AZUL-1536x459.png 1536w, http:\/\/spironellioil.com.br\/wp-content\/uploads\/2025\/11\/Spironelli_oleoquimica_AZUL-2048x612.png 2048w\" sizes=\"(max-width: 1024px) 100vw, 1024px\" \/>\t\t\t\t\t\t\t\t\t\t\t\t\t\t\t<\/div>\n\t\t\t\t<\/div>\n\t\t\t\t<div class=\"elementor-element elementor-element-04b6faa elementor-widget elementor-widget-text-editor\" data-id=\"04b6faa\" data-element_type=\"widget\" data-widget_type=\"text-editor.default\">\n\t\t\t\t<div class=\"elementor-widget-container\">\n\t\t\t\t\t\t\t\t\t<p style=\"text-align: left;\">R S\u00c3O CRISTOV\u00c3O,29 &#8211; CENTRO (JOHN KENNEDY)<br \/>IBIPOR\u00c3-PR &#8211; CEP &#8211; 86.209-012<\/p>\t\t\t\t\t\t\t\t<\/div>\n\t\t\t\t<\/div>\n\t\t\t\t\t<\/div>\n\t\t<\/div>\n\t\t\t\t\t<\/div>\n\t\t<\/section>\n\t\t\t\t<\/div>\n\t\t","protected":false},"excerpt":{"rendered":"<p>A Spironelli apresenta seu novo ramo de atua\u00e7\u00e3o: a ind\u00fastria oleoqu\u00edmica. Essa empresa, que h\u00e1 mais de 75 anos trabalha seriamente com a reciclagem animal, tendo como focos principais a qualidade de seus produtos, a responsabilidade ambiental e sua boa reputa\u00e7\u00e3o no mercado de graxarias, expande sua atua\u00e7\u00e3o. Conta agora com uma nova ind\u00fastria em&hellip;&nbsp;<a href=\"https:\/\/spironellioil.com.br\/\" rel=\"bookmark\"><span class=\"screen-reader-text\">Spironelli Oil<\/span><\/a><\/p>\n","protected":false},"author":1,"featured_media":0,"parent":0,"menu_order":0,"comment_status":"closed","ping_status":"closed","template":"page-templates\/template-pagebuilder-full-width.php","meta":{"neve_meta_sidebar":"","neve_meta_container":"","neve_meta_enable_content_width":"","neve_meta_content_width":0,"neve_meta_title_alignment":"","neve_meta_author_avatar":"","neve_post_elements_order":"","neve_meta_disable_header":"on","neve_meta_disable_footer":"on","neve_meta_disable_title":"on","footnotes":""},"class_list":["post-12","page","type-page","status-publish","hentry"],"_links":{"self":[{"href":"https:\/\/spironellioil.com.br\/index.php?rest_route=\/wp\/v2\/pages\/12","targetHints":{"allow":["GET"]}}],"collection":[{"href":"https:\/\/spironellioil.com.br\/index.php?rest_route=\/wp\/v2\/pages"}],"about":[{"href":"https:\/\/spironellioil.com.br\/index.php?rest_route=\/wp\/v2\/types\/page"}],"author":[{"embeddable":true,"href":"https:\/\/spironellioil.com.br\/index.php?rest_route=\/wp\/v2\/users\/1"}],"replies":[{"embeddable":true,"href":"https:\/\/spironellioil.com.br\/index.php?rest_route=%2Fwp%2Fv2%2Fcomments&post=12"}],"version-history":[{"count":23,"href":"https:\/\/spironellioil.com.br\/index.php?rest_route=\/wp\/v2\/pages\/12\/revisions"}],"predecessor-version":[{"id":45,"href":"https:\/\/spironellioil.com.br\/index.php?rest_route=\/wp\/v2\/pages\/12\/revisions\/45"}],"wp:attachment":[{"href":"https:\/\/spironellioil.com.br\/index.php?rest_route=%2Fwp%2Fv2%2Fmedia&parent=12"}],"curies":[{"name":"wp","href":"https:\/\/api.w.org\/{rel}","templated":true}]}}